{"id":33197,"date":"2022-07-05T14:04:33","date_gmt":"2022-07-05T12:04:33","guid":{"rendered":"https:\/\/www.powerjobs.pl\/?page_id=33197"},"modified":"2023-12-21T12:19:50","modified_gmt":"2023-12-21T11:19:50","slug":"decouvrez-powerjobs","status":"publish","type":"page","link":"https:\/\/www.powerjobs.pl\/fr\/decouvrez-powerjobs\/","title":{"rendered":"Qui sommes-nous"},"content":{"rendered":"<section class=\"banner-subpage \">\r\n    <!-- BG image -->\r\n    <div class=\"image filter-image opacity-30\">\r\n        <img decoding=\"async\" src=\"https:\/\/www.powerjobs.pl\/wp-content\/uploads\/2020\/11\/header_o_firmie.jpg\" alt=\"\">\r\n    <\/div>\r\n    <div class=\"container\">\r\n        <div class=\"content\">\r\n            <!-- Logo -->\r\n                        <!-- Title -->\r\n            <h1>D\u00e9couvrez PowerJobs<\/h1>\r\n                        <!-- Icons -->\r\n                    <\/div>\r\n    <\/div>\r\n<\/section>\n\n\r\n<section class=\"breadcrumbs\">\r\n    <div class=\"container\">\r\n        <div class=\"breadcrumbs-box\">\r\n            <nav aria-label=\"breadcrumbs\" class=\"rank-math-breadcrumb\"><p><span class=\"last\">Page d\u2019accueil<\/span><\/p><\/nav>        <\/div>\r\n    <\/div>\r\n<\/section>\n\n\n<p><strong>PowerJobs est une agence de travail temporaire certifi\u00e9e, pr\u00e9sente sur le march\u00e9 depuis 2006.<\/strong>&nbsp;Outre la Pologne, l&#8217;entreprise met \u00e9galement en \u0153uvre des projets en France et en Allemagne, d\u00e9tachant des employ\u00e9s dans des entreprises des secteurs de la construction, de la fabrication et de l&#8217;industrie, de&nbsp;la&nbsp;logistique ainsi que de l&#8217;h\u00f4tellerie et de la restauration.<\/p>\n\n\n<div class=\"spacer\" style=\"--spaceDesktop: 70px; --spaceMobile: 30px;\" ><\/div>\n\n    <section class=\"green-box\" style=\"background-color: #89B21F\">\r\n        <div class=\"container\">\r\n            <div class=\"title\">\r\n                <h2>NOTRE MISSION<\/br><\/br><p><b>Nous assumons la responsabilit\u00e9 du d\u00e9veloppement de nos clients<\/br>et r\u00e9agissons avec souplesse aux changements du march\u00e9 du travail. <\/br><\/br>Chaque projet est concr\u00e9tis\u00e9, tout en veillant \u00e0 la s\u00e9curit\u00e9<\/br>et au d\u00e9veloppement professionnel de nos employ\u00e9s.<\/b><\/p><\/h2>\r\n            <\/div>\r\n        <\/div>\r\n    <\/section>\r\n\n\n<div class=\"spacer\" style=\"--spaceDesktop: 70px; --spaceMobile: 30px;\" ><\/div>\n\n<section class=\"values\">\r\n    <div class=\"container\">\r\n        <div class=\"section-title\">\r\n            <h2>NOS VALEURS<\/h2>\r\n            <p><\/p>\r\n        <\/div>\r\n        <div class=\"content values-slider\">\r\n                    \r\n                <div class=\"box large\">\r\n                                            <div class=\"image\">\r\n                            <img decoding=\"async\" src=\"https:\/\/www.powerjobs.pl\/wp-content\/uploads\/2022\/04\/Group-1177.svg\" alt=\"\">\r\n                        <\/div>\r\n                                        <div class=\"text\">\r\n                        <h3>Notre exp\u00e9rience<\/h3>\r\n                        <p>Nous disposons d&#8217;une large exp\u00e9rience individuelle et collective du march\u00e9 et de son \u00e9volution. Des milliers d&#8217;employ\u00e9s, une coop\u00e9ration de longue date avec les clients et une pr\u00e9sence dans de nombreux secteurs \u00e9conomiques sont la preuve des effets de notre travail.<\/p>\r\n                        \r\n                                            <\/div>\r\n                <\/div>\r\n\r\n                    \r\n                <div class=\"box large\">\r\n                                            <div class=\"image\">\r\n                            <img decoding=\"async\" src=\"https:\/\/www.powerjobs.pl\/wp-content\/uploads\/2022\/04\/Group-1178.svg\" alt=\"\">\r\n                        <\/div>\r\n                                        <div class=\"text\">\r\n                        <h3>Notre engagement<\/h3>\r\n                        <p>Nous accompagnons les candidats, les employ\u00e9s et les clients \u00e0 chaque \u00e9tape de la coop\u00e9ration. Nous mettons tout en \u0153uvre pour que les projets et les t\u00e2ches qui nous sont confi\u00e9s r\u00e9pondent aux attentes de toutes les parties.<\/p>\r\n                        \r\n                                            <\/div>\r\n                <\/div>\r\n\r\n                    \r\n                <div class=\"box large\">\r\n                                            <div class=\"image\">\r\n                            <img decoding=\"async\" src=\"https:\/\/www.powerjobs.pl\/wp-content\/uploads\/2022\/04\/Group-1177.svg\" alt=\"\">\r\n                        <\/div>\r\n                                        <div class=\"text\">\r\n                        <h3>Notre professionnalisme<\/h3>\r\n                        <p>Nous proposons des solutions et des services \u00e9prouv\u00e9s, fond\u00e9s sur nos connaissances et notre exp\u00e9rience. Nous veillons \u00e0 ce que toutes nos activit\u00e9s et celles de nos employ\u00e9s r\u00e9pondent aux normes les plus \u00e9lev\u00e9es de nos clients, autant juridiques qu\u2019\u00e9conomiques.<\/p>\r\n                        \r\n                                            <\/div>\r\n                <\/div>\r\n\r\n            \r\n        <\/div>\r\n    <\/div>\r\n<\/section>\n\n<div class=\"spacer\" style=\"--spaceDesktop: 70px; --spaceMobile: 30px;\" ><\/div>\n\n\n<h2 class=\"wp-block-heading\">AGENCE DE TRAVAIL INT\u00c9RIMAIRE POWERJOBS<\/h2>\n\n\n<div class=\"spacer\" style=\"--spaceDesktop: 50px; --spaceMobile: 30px;\" ><\/div>\n\n\n<div class=\"wp-block-columns is-layout-flex wp-container-core-columns-is-layout-1 wp-block-columns-is-layout-flex\">\n<div class=\"wp-block-column is-layout-flow wp-block-column-is-layout-flow\" style=\"flex-basis:33.33%\"><section class=\"steps-list\">\r\n    <div class=\"container\">\r\n                <div class=\"content \">\r\n                        <ul class=\"list-orange\">\n<li>Activit\u00e9 et un \u00e9tablissement en Pologne<\/li>\n<li>Si\u00e8ge \u00e0 Katowice sud de la Pologne<\/li>\n<li>Laisons r\u00e9guli\u00e8re vers les principales villes fran\u00e7aises : Paris, Lyon, Gen\u00e8ve, Nice, Lille<\/li>\n<\/ul>\n<p>L&#8217;agence est inscrite dans le Registre National des Agences d\u2019Emploi en Pologne sous le num\u00e9ro 11749. Acteur dans l\u2019int\u00e9rim et les relations franco-polonaises (salons, r\u00e9unions, conf\u00e9rences, forum avec les administrations, etc.).<\/p>\n        <\/div>\r\n    <\/div>\r\n<\/section><\/div>\n\n\n\n<div class=\"wp-block-column is-layout-flow wp-block-column-is-layout-flow\" style=\"flex-basis:66.66%\">\n<figure class=\"wp-block-image size-full\"><img decoding=\"async\" width=\"768\" height=\"958\" src=\"https:\/\/www.powerjobs.pl\/wp-content\/uploads\/2021\/10\/O_firmie_mapka_Obszar-roboczy-1-kopia-2-768x958.png\" alt=\"\" class=\"wp-image-28949\" srcset=\"https:\/\/www.powerjobs.pl\/wp-content\/uploads\/2021\/10\/O_firmie_mapka_Obszar-roboczy-1-kopia-2-768x958.png 768w, https:\/\/www.powerjobs.pl\/wp-content\/uploads\/2021\/10\/O_firmie_mapka_Obszar-roboczy-1-kopia-2-768x958-722x900.png 722w, https:\/\/www.powerjobs.pl\/wp-content\/uploads\/2021\/10\/O_firmie_mapka_Obszar-roboczy-1-kopia-2-768x958-321x400.png 321w, https:\/\/www.powerjobs.pl\/wp-content\/uploads\/2021\/10\/O_firmie_mapka_Obszar-roboczy-1-kopia-2-768x958-481x600.png 481w, https:\/\/www.powerjobs.pl\/wp-content\/uploads\/2021\/10\/O_firmie_mapka_Obszar-roboczy-1-kopia-2-768x958-241x300.png 241w\" sizes=\"(max-width: 768px) 100vw, 768px\" \/><\/figure>\n<\/div>\n<\/div>\n\n\n<div class=\"spacer\" style=\"--spaceDesktop: 70px; --spaceMobile: 30px;\" ><\/div>\n\n\n<h2 class=\"wp-block-heading\">ANALYSONS VOTRE PROJET ENSEMBLE !<\/h2>\n\n\n<div class=\"spacer\" style=\"--spaceDesktop: 50px; --spaceMobile: 30px;\" ><\/div>\n\n\n<p>Remplissez le formulaire ci-dessous, informez-nous sur le profil que vous recherchez. Nous vous recontacterons avec plaisir.<\/p>\n\n\n<div class=\"spacer\" style=\"--spaceDesktop: 50px; --spaceMobile: 30px;\" ><\/div>\n\n<section class=\"referral-form\">\r\n    <div class=\"container\">\r\n        \n<div class=\"wpcf7 no-js\" id=\"wpcf7-f12744-o1\" lang=\"pl-PL\" dir=\"ltr\" data-wpcf7-id=\"12744\">\n<div class=\"screen-reader-response\"><p role=\"status\" aria-live=\"polite\" aria-atomic=\"true\"><\/p> <ul><\/ul><\/div>\n<form action=\"\/fr\/wp-json\/wp\/v2\/pages\/33197#wpcf7-f12744-o1\" method=\"post\" class=\"wpcf7-form init cf7mls-no-scroll cf7mls-auto-return-first-step cf7mls-no-moving-animation\" aria-label=\"Contact form\" enctype=\"multipart\/form-data\" novalidate=\"novalidate\" data-status=\"init\">\n<fieldset class=\"hidden-fields-container\"><input type=\"hidden\" name=\"_wpcf7\" value=\"12744\" \/><input type=\"hidden\" name=\"_wpcf7_version\" value=\"6.1.5\" \/><input type=\"hidden\" name=\"_wpcf7_locale\" value=\"pl_PL\" \/><input type=\"hidden\" name=\"_wpcf7_unit_tag\" value=\"wpcf7-f12744-o1\" \/><input type=\"hidden\" name=\"_wpcf7_container_post\" value=\"0\" \/><input type=\"hidden\" name=\"_wpcf7_posted_data_hash\" value=\"\" \/><input type=\"hidden\" name=\"_wpcf7_recaptcha_response\" value=\"\" \/>\n<\/fieldset>\n<div class=\"success-popup-screen\">\n<\/div>\n<div class=\"success-popup\">\n\t<div class=\"close\">\n\t<\/div>\n\t<h2>Votre message a \u00e9t\u00e9 transmis avec succ\u00e8s.\n\t<\/h2>\n\t<div class=\"button-box\">\n\t\t<p><a class=\"button\">OK<\/a>\n\t\t<\/p>\n\t<\/div>\n<\/div>\n<div class=\"flex\">\n\t<div class=\"col\">\n\t\t<p><span class=\"wpcf7-form-control-wrap\" data-name=\"name-surname\"><input size=\"40\" maxlength=\"400\" class=\"wpcf7-form-control wpcf7-text wpcf7-validates-as-required\" aria-required=\"true\" aria-invalid=\"false\" placeholder=\"Pr\u00e9nom et Nom\" value=\"\" type=\"text\" name=\"name-surname\" \/><\/span><br \/>\n<span class=\"wpcf7-form-control-wrap\" data-name=\"position\"><input size=\"40\" maxlength=\"400\" class=\"wpcf7-form-control wpcf7-text wpcf7-validates-as-required\" aria-required=\"true\" aria-invalid=\"false\" placeholder=\"Votre poste\" value=\"\" type=\"text\" name=\"position\" \/><\/span><br \/>\n<span class=\"wpcf7-form-control-wrap\" data-name=\"company\"><input size=\"40\" maxlength=\"400\" class=\"wpcf7-form-control wpcf7-text wpcf7-validates-as-required\" aria-required=\"true\" aria-invalid=\"false\" placeholder=\"Le nom de l\u2019entreprise\" value=\"\" type=\"text\" name=\"company\" \/><\/span><br \/>\n<span class=\"wpcf7-form-control-wrap\" data-name=\"email\"><input size=\"40\" maxlength=\"400\" class=\"wpcf7-form-control wpcf7-email wpcf7-validates-as-required wpcf7-text wpcf7-validates-as-email\" aria-required=\"true\" aria-invalid=\"false\" placeholder=\"Email\" value=\"\" type=\"email\" name=\"email\" \/><\/span><br \/>\n<span class=\"wpcf7-form-control-wrap\" data-name=\"phone\"><input size=\"40\" maxlength=\"400\" class=\"wpcf7-form-control wpcf7-tel wpcf7-validates-as-required wpcf7-text wpcf7-validates-as-tel\" aria-required=\"true\" aria-invalid=\"false\" placeholder=\"Votre num\u00e9ro de t\u00e9l\u00e9phone\" value=\"\" type=\"tel\" name=\"phone\" \/><\/span>\n\t\t<\/p>\n\t\t<div class=\"agreement desktop\">\n\t\t\t<p><label><br \/>\n<\/label>\n\t\t\t<\/p>\n\t\t\t<p class=\"font10\"><span class=\"wpcf7-form-control-wrap\" data-name=\"checkbox-79\"><span class=\"wpcf7-form-control wpcf7-checkbox wpcf7-validates-as-required\"><span class=\"wpcf7-list-item first last\"><label><input type=\"checkbox\" name=\"checkbox-79[]\" value=\"J&#039;accepte par la pr\u00e9sente que PowerJobs Sp.z o.o. enregistre mes informations personnelles (ci-apr\u00e8s &#039;donn\u00e9es personnelles&#039;) telles que mon nom, mon adresse e-mail et mon num\u00e9ro de t\u00e9l\u00e9phone soient trait\u00e9es \u00e0 des fins commerciales.*\" \/><span class=\"wpcf7-list-item-label\">J&#039;accepte par la pr\u00e9sente que PowerJobs Sp.z o.o. enregistre mes informations personnelles (ci-apr\u00e8s &#039;donn\u00e9es personnelles&#039;) telles que mon nom, mon adresse e-mail et mon num\u00e9ro de t\u00e9l\u00e9phone soient trait\u00e9es \u00e0 des fins commerciales.*<\/span><\/label><\/span><\/span><\/span>\n\t\t\t<\/p>\n\t\t<\/div>\n\t\t<div class=\"agreement desktop\">\n\t\t\t<p><label><br \/>\n<\/label>\n\t\t\t<\/p>\n\t\t\t<p class=\"font10\"><span class=\"wpcf7-form-control-wrap\" data-name=\"checkbox-79\"><span class=\"wpcf7-form-control wpcf7-checkbox\"><span class=\"wpcf7-list-item first last\"><label><input type=\"checkbox\" name=\"checkbox-79[]\" value=\"J&#039;accepte par la pr\u00e9sente que PowerJobs Sp.z o.o. enregistre mes donn\u00e9es personnelles (ci-apr\u00e8s &#039;donn\u00e9es personnelles&#039;) telles que mon nom complet, mon adresse e-mail et num\u00e9ro de t\u00e9l\u00e9phone soient trait\u00e9es \u00e0 des fins marketing.\" \/><span class=\"wpcf7-list-item-label\">J&#039;accepte par la pr\u00e9sente que PowerJobs Sp.z o.o. enregistre mes donn\u00e9es personnelles (ci-apr\u00e8s &#039;donn\u00e9es personnelles&#039;) telles que mon nom complet, mon adresse e-mail et num\u00e9ro de t\u00e9l\u00e9phone soient trait\u00e9es \u00e0 des fins marketing.<\/span><\/label><\/span><\/span><\/span>\n\t\t\t<\/p>\n\t\t<\/div>\n\t\t<div class=\"collapsible-text desktop\">\n\t\t\t<div class=\"text\">\n\t\t\t\t<p class=\"font10\">J&#8217;ai \u00e9t\u00e9 inform\u00e9 par PowerJobs z o.o. (\u00e0 l&#8217;adresse Chorzowska Str. 6, 40-101 Katowice), le responsable des donn\u00e9es personnelles, a inform\u00e9 comme suit:\n\t\t\t\t<\/p>\n\t\t\t\t<div data-target-show-more=\"text1\" class=\"hidden-text\">\n\t\t\t\t\t<p class=\"font10\">La fourniture des donn\u00e9es personnelles susmentionn\u00e9es est volontaire, mais est essentielle \u00e0 des fins commerciales ou marketing si j&#8217;ai donn\u00e9 mon consentement \u00e0 cet \u00e9gard;<br \/>\n&#8211; J&#8217;ai le droit d&#8217;acc\u00e9der au contenu de mes donn\u00e9es, y compris de recevoir et de corriger des copies, de supprimer et de restreindre le traitement, ainsi que le droit de les transf\u00e9rer, le droit de m&#8217;opposer au traitement et le droit de retirer mon consentement \u00e0 tout moment. Cependant, le retrait de mon consentement n&#8217;affecte pas la l\u00e9galit\u00e9 du traitement bas\u00e9 sur le consentement en question avant son retrait<br \/>\n&#8211; Une d\u00e9claration de r\u00e9vocation de mon consentement au traitement des donn\u00e9es personnelles doit \u00eatre envoy\u00e9e au si\u00e8ge social de PowerJobs Sp.z o.o. ou envoy\u00e9 \u00e0 l&#8217;adresse e-mail suivante: zgody@powerjobs.pl. Le retrait du consentement au traitement des donn\u00e9es personnelles signifie que les finalit\u00e9s de traitement susmentionn\u00e9es ne peuvent plus \u00eatre remplies;<br \/>\n&#8211; Les donn\u00e9es personnelles fournies peuvent \u00eatre obtenues aupr\u00e8s de PowerJobs Sp.z o.o. \u00eatre partag\u00e9 avec les employ\u00e9s autoris\u00e9s et les personnes qui travaillent avec PowerJobs dans des contrats civils qui sont impliqu\u00e9s dans la mise en \u0153uvre de la finalit\u00e9 du traitement;<br \/>\n&#8211; Les donn\u00e9es transmises seront trait\u00e9es sur la base des dispositions pertinentes du r\u00e8glement (UE) 2016\/679 du Parlement europ\u00e9en et du Conseil du 27 avril 2016 sur la protection des personnes physiques \u00e0 l&#8217;\u00e9gard du traitement des donn\u00e9es \u00e0 caract\u00e8re personnel et sur la libre circulation de ces donn\u00e9es et leur annulation de la directive 95\/46 \/ CE (r\u00e8glement g\u00e9n\u00e9ral sur la protection des donn\u00e9es), RGPD trait\u00e9;<br \/>\n&#8211; Si vous avez des questions sur la protection de vos donn\u00e9es personnelles, veuillez nous contacter par email: odo@powerjobs.pl;<br \/>\n&#8211; Les donn\u00e9es personnelles fournies seront trait\u00e9es aussi longtemps que n\u00e9cessaire aux fins pour lesquelles elles ont \u00e9t\u00e9 fournies ou jusqu&#8217;\u00e0 ce que je soul\u00e8ve mon objection. En cas d&#8217;opposition, PowerJobs Sp.z o.o. ne traitera plus mes donn\u00e9es personnelles aux fins mentionn\u00e9es ci-dessus, sauf si vous pouvez prouver qu&#8217;il existe des raisons l\u00e9gitimes qui violent mes int\u00e9r\u00eats, droits et libert\u00e9s, ou que mes donn\u00e9es sont n\u00e9cessaires pour justifier, suivre ou poursuivre toute r\u00e9clamation d\u00e9fendre;<br \/>\n&#8211; J&#8217;ai le droit de d\u00e9poser une plainte aupr\u00e8s de l&#8217;autorit\u00e9 de contr\u00f4le si je pense que le traitement des donn\u00e9es personnelles susmentionn\u00e9es viole la disposition.\n\t\t\t\t\t<\/p>\n\t\t\t\t<\/div>\n\t\t\t<\/div>\n\t\t\t<div class=\"text-right\">\n\t\t\t\t<p><a href=\"\" data-target=\"text1\" data-text1=\"Montre plus\" data-text2=\"Montrer moins\" class=\"link\">Montre plus<\/a>\n\t\t\t\t<\/p>\n\t\t\t<\/div>\n\t\t<\/div>\n\t<\/div>\n\t<div class=\"col\">\n\t\t<p><span class=\"wpcf7-form-control-wrap\" data-name=\"textarea-902\"><textarea cols=\"40\" rows=\"10\" maxlength=\"2000\" class=\"wpcf7-form-control wpcf7-textarea wpcf7-validates-as-required\" aria-required=\"true\" aria-invalid=\"false\" placeholder=\"Message\" name=\"textarea-902\"><\/textarea><\/span>\n\t\t<\/p>\n\t\t<div class=\"custom-file-upload fr\">\n\t\t\t<p><label for=\"file\" style=\"z-index: 10; cursor:pointer\"><br \/>\n<\/label>\n\t\t\t<\/p>\n\t\t\t<div class=\"custom-file-upload-label\">\n\t\t\t<\/div>\n\t\t\t<div class=\"file-info\">\n\t\t\t\t<p>Aucun fichier s\u00e9lectionn\u00e9\n\t\t\t\t<\/p>\n\t\t\t<\/div>\n\t\t\t<p><span class=\"wpcf7-form-control-wrap\" data-name=\"file-526\"><input size=\"40\" class=\"wpcf7-form-control wpcf7-file\" id=\"file\" accept=\"image\/*,application\/pdf,.doc,.docx\" aria-invalid=\"false\" type=\"file\" name=\"file-526\" \/><\/span><br \/>\n\t\t\t<\/p>\n\t\t<\/div>\n\t\t<div class=\"agreement mobile\">\n\t\t\t<p><label><br \/>\n<\/label>\n\t\t\t<\/p>\n\t\t\t<p class=\"font10\"><span class=\"wpcf7-form-control-wrap\" data-name=\"checkbox-79\"><span class=\"wpcf7-form-control wpcf7-checkbox wpcf7-validates-as-required\"><span class=\"wpcf7-list-item first last\"><label><input type=\"checkbox\" name=\"checkbox-79[]\" value=\"J&#039;accepte par la pr\u00e9sente que PowerJobs Sp.z o.o. enregistre mes informations personnelles (ci-apr\u00e8s &#039;donn\u00e9es personnelles&#039;) telles que mon nom, mon adresse e-mail et mon num\u00e9ro de t\u00e9l\u00e9phone soient trait\u00e9es \u00e0 des fins commerciales.*\" \/><span class=\"wpcf7-list-item-label\">J&#039;accepte par la pr\u00e9sente que PowerJobs Sp.z o.o. enregistre mes informations personnelles (ci-apr\u00e8s &#039;donn\u00e9es personnelles&#039;) telles que mon nom, mon adresse e-mail et mon num\u00e9ro de t\u00e9l\u00e9phone soient trait\u00e9es \u00e0 des fins commerciales.*<\/span><\/label><\/span><\/span><\/span>\n\t\t\t<\/p>\n\t\t<\/div>\n\t\t<div class=\"agreement mobile\">\n\t\t\t<p><label><br \/>\n<\/label>\n\t\t\t<\/p>\n\t\t\t<p class=\"font10\"><span class=\"wpcf7-form-control-wrap\" data-name=\"checkbox-79\"><span class=\"wpcf7-form-control wpcf7-checkbox\"><span class=\"wpcf7-list-item first last\"><label><input type=\"checkbox\" name=\"checkbox-79[]\" value=\"J&#039;accepte par la pr\u00e9sente que PowerJobs Sp.z o.o. enregistre mes donn\u00e9es personnelles (ci-apr\u00e8s &#039;donn\u00e9es personnelles&#039;) telles que mon nom complet, mon adresse e-mail et num\u00e9ro de t\u00e9l\u00e9phone soient trait\u00e9es \u00e0 des fins marketing.\" \/><span class=\"wpcf7-list-item-label\">J&#039;accepte par la pr\u00e9sente que PowerJobs Sp.z o.o. enregistre mes donn\u00e9es personnelles (ci-apr\u00e8s &#039;donn\u00e9es personnelles&#039;) telles que mon nom complet, mon adresse e-mail et num\u00e9ro de t\u00e9l\u00e9phone soient trait\u00e9es \u00e0 des fins marketing.<\/span><\/label><\/span><\/span><\/span>\n\t\t\t<\/p>\n\t\t<\/div>\n\t\t<div class=\"collapsible-text mobile\">\n\t\t\t<div class=\"text\">\n\t\t\t\t<p class=\"font10\">J&#8217;ai \u00e9t\u00e9 inform\u00e9 par PowerJobs z o.o. (\u00e0 l&#8217;adresse Chorzowska Str. 6, 40-101 Katowice), le responsable des donn\u00e9es personnelles, a inform\u00e9 comme suit:\n\t\t\t\t<\/p>\n\t\t\t\t<div data-target-show-more=\"text1\" class=\"hidden-text\">\n\t\t\t\t\t<p class=\"font10\"><br \/>\nLa fourniture des donn\u00e9es personnelles susmentionn\u00e9es est volontaire, mais est essentielle \u00e0 des fins commerciales ou marketing si j&#8217;ai donn\u00e9 mon consentement \u00e0 cet \u00e9gard;<br \/>\n&#8211; J&#8217;ai le droit d&#8217;acc\u00e9der au contenu de mes donn\u00e9es, y compris de recevoir et de corriger des copies, de supprimer et de restreindre le traitement, ainsi que le droit de les transf\u00e9rer, le droit de m&#8217;opposer au traitement et le droit de retirer mon consentement \u00e0 tout moment. Cependant, le retrait de mon consentement n&#8217;affecte pas la l\u00e9galit\u00e9 du traitement bas\u00e9 sur le consentement en question avant son retrait<br \/>\n&#8211; Une d\u00e9claration de r\u00e9vocation de mon consentement au traitement des donn\u00e9es personnelles doit \u00eatre envoy\u00e9e au si\u00e8ge social de PowerJobs Sp.z o.o. ou envoy\u00e9 \u00e0 l&#8217;adresse e-mail suivante: zgody@powerjobs.pl. Le retrait du consentement au traitement des donn\u00e9es personnelles signifie que les finalit\u00e9s de traitement susmentionn\u00e9es ne peuvent plus \u00eatre remplies;<br \/>\n&#8211; Les donn\u00e9es personnelles fournies peuvent \u00eatre obtenues aupr\u00e8s de PowerJobs Sp.z o.o. \u00eatre partag\u00e9 avec les employ\u00e9s autoris\u00e9s et les personnes qui travaillent avec PowerJobs dans des contrats civils qui sont impliqu\u00e9s dans la mise en \u0153uvre de la finalit\u00e9 du traitement;<br \/>\n&#8211; Les donn\u00e9es transmises seront trait\u00e9es sur la base des dispositions pertinentes du r\u00e8glement (UE) 2016\/679 du Parlement europ\u00e9en et du Conseil du 27 avril 2016 sur la protection des personnes physiques \u00e0 l&#8217;\u00e9gard du traitement des donn\u00e9es \u00e0 caract\u00e8re personnel et sur la libre circulation de ces donn\u00e9es et leur annulation de la directive 95\/46 \/ CE (r\u00e8glement g\u00e9n\u00e9ral sur la protection des donn\u00e9es), RGPD trait\u00e9;<br \/>\n&#8211; Si vous avez des questions sur la protection de vos donn\u00e9es personnelles, veuillez nous contacter par email: odo@powerjobs.pl;<br \/>\n&#8211; Les donn\u00e9es personnelles fournies seront trait\u00e9es aussi longtemps que n\u00e9cessaire aux fins pour lesquelles elles ont \u00e9t\u00e9 fournies ou jusqu&#8217;\u00e0 ce que je soul\u00e8ve mon objection. En cas d&#8217;opposition, PowerJobs Sp.z o.o. ne traitera plus mes donn\u00e9es personnelles aux fins mentionn\u00e9es ci-dessus, sauf si vous pouvez prouver qu&#8217;il existe des raisons l\u00e9gitimes qui violent mes int\u00e9r\u00eats, droits et libert\u00e9s, ou que mes donn\u00e9es sont n\u00e9cessaires pour justifier, suivre ou poursuivre toute r\u00e9clamation d\u00e9fendre;<br \/>\n&#8211; J&#8217;ai le droit de d\u00e9poser une plainte aupr\u00e8s de l&#8217;autorit\u00e9 de contr\u00f4le si je pense que le traitement des donn\u00e9es personnelles susmentionn\u00e9es viole la disposition.\n\t\t\t\t\t<\/p>\n\t\t\t\t<\/div>\n\t\t\t<\/div>\n\t\t\t<div class=\"text-right\">\n\t\t\t\t<p><a href=\"\" data-target=\"text1\" data-text1=\"Montre plus\" data-text2=\"Montrer moins\" class=\"link\">Montre plus<\/a>\n\t\t\t\t<\/p>\n\t\t\t<\/div>\n\t\t<\/div>\n\t\t<p><input class=\"wpcf7-form-control wpcf7-submit has-spinner button w-270\" type=\"submit\" value=\"Envoyer\" \/>\n\t\t<\/p>\n\t<\/div>\n<\/div>\n<p><input type=\"hidden\" name=\"utm_campaign\" value=\"\" \/><input type=\"hidden\" name=\"utm_source\" value=\"\" \/><input type=\"hidden\" name=\"utm_medium\" value=\"\" \/><input type=\"hidden\" name=\"utm_term\" value=\"\" \/><input type=\"hidden\" name=\"utm_content\" value=\"\" \/><input type=\"hidden\" name=\"gclid\" value=\"\" \/><input type=\"hidden\" name=\"original_ref\" value=\"\" \/><input type=\"hidden\" name=\"landing_page\" value=\"https:\/\/www.powerjobs.pl\/fr\/wp-json\/wp\/v2\/pages\/33197\" \/><input type=\"hidden\" name=\"ref\" value=\"\" \/>\n<\/p><div class=\"wpcf7-response-output\" aria-hidden=\"true\"><\/div>\n<\/form>\n<\/div>\n    <\/div>\r\n<\/section>\n\n<div class=\"spacer\" style=\"--spaceDesktop: 70px; --spaceMobile: 30px;\" ><\/div>","protected":false},"excerpt":{"rendered":"<p>PowerJobs est une agence de travail temporaire certifi\u00e9e, pr\u00e9sente sur le march\u00e9 depuis 2006.&nbsp;Outre la Pologne, l&#8217;entreprise met \u00e9galement en [&hellip;]<\/p>\n","protected":false},"author":1,"featured_media":0,"parent":0,"menu_order":0,"comment_status":"closed","ping_status":"closed","template":"","meta":{"inline_featured_image":false,"iawp_total_views":204,"footnotes":""},"fupi_page_labels":[],"class_list":["post-33197","page","type-page","status-publish","hentry"],"acf":[],"_links":{"self":[{"href":"https:\/\/www.powerjobs.pl\/fr\/wp-json\/wp\/v2\/pages\/33197","targetHints":{"allow":["GET"]}}],"collection":[{"href":"https:\/\/www.powerjobs.pl\/fr\/wp-json\/wp\/v2\/pages"}],"about":[{"href":"https:\/\/www.powerjobs.pl\/fr\/wp-json\/wp\/v2\/types\/page"}],"author":[{"embeddable":true,"href":"https:\/\/www.powerjobs.pl\/fr\/wp-json\/wp\/v2\/users\/1"}],"replies":[{"embeddable":true,"href":"https:\/\/www.powerjobs.pl\/fr\/wp-json\/wp\/v2\/comments?post=33197"}],"version-history":[{"count":7,"href":"https:\/\/www.powerjobs.pl\/fr\/wp-json\/wp\/v2\/pages\/33197\/revisions"}],"predecessor-version":[{"id":40152,"href":"https:\/\/www.powerjobs.pl\/fr\/wp-json\/wp\/v2\/pages\/33197\/revisions\/40152"}],"wp:attachment":[{"href":"https:\/\/www.powerjobs.pl\/fr\/wp-json\/wp\/v2\/media?parent=33197"}],"wp:term":[{"taxonomy":"fupi_page_labels","embeddable":true,"href":"https:\/\/www.powerjobs.pl\/fr\/wp-json\/wp\/v2\/fupi_page_labels?post=33197"}],"curies":[{"name":"wp","href":"https:\/\/api.w.org\/{rel}","templated":true}]}}