{"id":12696,"date":"2024-12-19T15:08:00","date_gmt":"2024-12-19T14:08:00","guid":{"rendered":"https:\/\/www.powerjobs.pl\/polityka-prywatnosci\/"},"modified":"2025-02-06T09:14:41","modified_gmt":"2025-02-06T08:14:41","slug":"politique-de-confidentialite","status":"publish","type":"page","link":"https:\/\/www.powerjobs.pl\/fr\/politique-de-confidentialite\/","title":{"rendered":"Politique de confidentialit\u00e9"},"content":{"rendered":"\r\n<section class=\"breadcrumbs\">\r\n    <div class=\"container\">\r\n        <div class=\"breadcrumbs-box\">\r\n            <nav aria-label=\"breadcrumbs\" class=\"rank-math-breadcrumb\"><p><span class=\"last\">Page d\u2019accueil<\/span><\/p><\/nav>        <\/div>\r\n    <\/div>\r\n<\/section>\n\n\n<h1 class=\"wp-block-heading\">Politique de confidentialit\u00e9<\/h1>\n\n\n\n<p><strong>Dans le cadre de l\u2019utilisation de nos services, vous nous confiez vos donn\u00e9es personnelles. Notre objectif et notre obligation sont d\u2019assurer la s\u00e9curit\u00e9 et le bon usage des donn\u00e9es personnelles qui nous sont fournies. La pr\u00e9sente politique de confidentialit\u00e9 r\u00e9git les r\u00e8gles de traitement et de protection de vos donn\u00e9es personnelles dans le cadre de votre utilisation de notre site web www.nearshore-it.eu (ci-apr\u00e8s d\u00e9nomm\u00e9 le \u201esite web\u201d). Nous vous assurons que notre soci\u00e9t\u00e9 respecte strictement la politique de s\u00e9curit\u00e9 des donn\u00e9es.<\/strong><\/p>\n\n\n\n<h2 class=\"wp-block-heading\">INFORMATIONS G\u00c9N\u00c9RALES<\/h2>\n\n\n\n<ol class=\"wp-block-list\">\n<li>L\u2019op\u00e9rateur du site web powerjobs.pl\/fr est PowerJobs Sp. z\u00a0o.o.<\/li>\n\n\n\n<li>Dans le cadre de votre utilisation de notre site web, nous recueillons vos donn\u00e9es personnelles de la mani\u00e8re suivante :\n<ul class=\"wp-block-list\">\n<li>par le biais de votre saisie volontaire d\u2019informations dans les formulaires fournis sur notre site web ;<\/li>\n\n\n\n<li>par le biais de l\u2019enregistrement d\u2019informations dans des fichiers texte stock\u00e9s sur le dispositif de l\u2019utilisateur (cookies).<\/li>\n<\/ul>\n<\/li>\n\n\n\n<li>Lorsque vous utilisez notre site web, vous devez :\n<ul class=\"wp-block-list\">\n<li>accepter notre politique de confidentialit\u00e9,<\/li>\n\n\n\n<li>donner volontairement son consentement pour que vos donn\u00e9es personnelles soient trait\u00e9es par PowerJobs Sp. z\u00a0o.o. conform\u00e9ment \u00e0 la finalit\u00e9 d\u00e9crite ci-dessous.<\/li>\n<\/ul>\n<\/li>\n\n\n\n<li>L\u2019administrateur des donn\u00e9es personnelles que vous soumettez est PowerJobs Sp. z\u00a0o.o., 6 Chorzowska St., Katowice, inscrite au Registre des entrepreneurs du Registre judiciaire national (KRS) par le Tribunal d\u2019arrondissement de Katowice-Wsch\u00f3d (Katowice Est) \u00e0 Katowice, 8\u00e8me Division commerciale du Registre judiciaire national, sous le num\u00e9ro KRS 0000254883.<\/li>\n<\/ol>\n\n\n\n<h2 class=\"wp-block-heading\">DONN\u00c9ES PERSONNELLES DES UTILISATEURS<\/h2>\n\n\n\n<p>La port\u00e9e et la finalit\u00e9 de notre utilisation des donn\u00e9es \u00e0 caract\u00e8re personnel<\/p>\n\n\n\n<p>Dans la mesure justifi\u00e9e par les services fournis, nous recueillons, traitons et stockons les donn\u00e9es et informations personnelles suivantes :<\/p>\n\n\n\n<ol class=\"wp-block-list\">\n<li>nom et pr\u00e9nom ;<\/li>\n\n\n\n<li>adresse \u00e9lectronique et num\u00e9ro de t\u00e9l\u00e9phone ;<\/li>\n\n\n\n<li>des informations sur votre ordinateur, votre utilisation du site web et le nombre et la dur\u00e9e de votre visite, ainsi que les param\u00e8tres de connexion (notamment l\u2019adresse IP, la localisation g\u00e9ographique, le type et la version du navigateur, le syst\u00e8me d\u2019exploitation, la source des r\u00e9f\u00e9rences, la dur\u00e9e de vos visites, le nombre de consultations du site web et le chemin de navigation sur le site web) ;<\/li>\n\n\n\n<li>les informations mises \u00e0 notre disposition dans le cadre de l\u2019utilisation du site web ou g\u00e9n\u00e9r\u00e9es lors de votre utilisation de ces services ;<\/li>\n\n\n\n<li>les informations contenues dans toute communication qui nous est envoy\u00e9e directement ou par l\u2019interm\u00e9diaire du site web ;<\/li>\n\n\n\n<li>toute autre information ou donn\u00e9e personnelle que vous nous fournissez volontairement.<\/li>\n\n\n\n<li>Nous traitons toutes les donn\u00e9es personnelles qui nous sont fournies conform\u00e9ment aux dispositions des lois applicables.<\/li>\n\n\n\n<li>Nous traitons les donn\u00e9es personnelles que vous nous fournissez dans le seul but et dans la seule mesure que vous avez accept\u00e9s.<\/li>\n\n\n\n<li>Nous ne recueillons que les donn\u00e9es personnelles que vous nous fournissez volontairement. Dans certains cas, il peut vous \u00eatre demand\u00e9 de nous fournir vos donn\u00e9es personnelles volontairement. Votre refus du traitement de vos donn\u00e9es personnelles peut entra\u00eener une utilisation limit\u00e9e de nos services.<\/li>\n\n\n\n<li>Nous utiliserons les donn\u00e9es \u00e0 caract\u00e8re personnel que vous nous fournissez aux fins suivantes :\n<ul class=\"wp-block-list\">\n<li>r\u00e9pondre aux questions que vous nous avez pos\u00e9es en utilisant les formulaires fournis sur le site web ou des courriers \u00e9lectroniques ;<\/li>\n\n\n\n<li>mener le processus de recrutement (en rapport avec votre CV ou d\u2019autres documents de candidature qui nous sont envoy\u00e9s) ;<\/li>\n\n\n\n<li>personnaliser notre site web ;<\/li>\n\n\n\n<li>envoyer des messages, des offres ou des communications commerciales ;<\/li>\n\n\n\n<li>l\u2019envoi de notifications par courrier \u00e9lectronique ;<\/li>\n\n\n\n<li>l\u2019envoi de notre lettre d\u2019information par courrier \u00e9lectronique (vous pouvez nous informer \u00e0 tout moment de votre d\u00e9cision de ne plus recevoir ce courrier \u00e9lectronique) ;<\/li>\n\n\n\n<li>l\u2019envoi par voie \u00e9lectronique de mat\u00e9riel et d\u2019informations commerciales qui, selon nous, peuvent vous int\u00e9resser ;<\/li>\n\n\n\n<li>la prise en charge de la s\u00e9curit\u00e9 de notre site web et la pr\u00e9vention de la fraude ;<\/li>\n\n\n\n<li>l\u2019administration de notre site web.<\/li>\n<\/ul>\n<\/li>\n<\/ol>\n\n\n\n<h2 class=\"wp-block-heading\">Partage des donn\u00e9es personnelles<\/h2>\n\n\n\n<ol class=\"wp-block-list\">\n<li>Les donn\u00e9es \u00e0 caract\u00e8re personnel qui nous sont communiqu\u00e9es ne seront communiqu\u00e9es \u00e0 des tiers qu\u2019avec votre consentement expr\u00e8s. Vous serez inform\u00e9 au cas par cas de la n\u00e9cessit\u00e9 de mettre ces donn\u00e9es \u00e0 la disposition d\u2019un tiers. Vous avez le droit de ne pas donner votre consentement \u00e0 ce que nous fournissions vos donn\u00e9es \u00e0 caract\u00e8re personnel \u00e0 ces parties.<\/li>\n\n\n\n<li>Nous pouvons partager vos donn\u00e9es personnelles avec nos employ\u00e9s, associ\u00e9s, sous-traitants, fournisseurs et assureurs, mais uniquement dans la mesure n\u00e9cessaire pour atteindre les objectifs d\u00e9finis dans la pr\u00e9sente politique de confidentialit\u00e9. Ces personnes sont tenues de garder ces donn\u00e9es confidentielles.<\/li>\n\n\n\n<li>Les donn\u00e9es personnelles que vous nous fournissez peuvent \u00eatre divulgu\u00e9es par nous \u00e0 un tiers uniquement dans les limites autoris\u00e9es par la loi.<\/li>\n\n\n\n<li>Nous pouvons partager vos donn\u00e9es personnelles avec des tiers, notamment dans les cas suivants :\n<ul class=\"wp-block-list\">\n<li>lorsque vous donnez votre consentement \u00e0 un tel partage ;<\/li>\n\n\n\n<li>lorsqu\u2019il r\u00e9sulte des dispositions des lois applicables ;<\/li>\n\n\n\n<li>lorsque nous sommes oblig\u00e9s de le faire par d\u00e9cision d\u2019un tribunal ou d\u2019une autre autorit\u00e9 comp\u00e9tente dans le cadre d\u2019une proc\u00e9dure en cours men\u00e9e par les autorit\u00e9s comp\u00e9tentes ;<\/li>\n\n\n\n<li>lorsque nous devons d\u00e9fendre nos droits (notamment en fournissant des informations \u00e0 d\u2019autres personnes pour pr\u00e9venir les abus et att\u00e9nuer le risque de cr\u00e9dit).<\/li>\n<\/ul>\n<\/li>\n\n\n\n<li>Les donn\u00e9es \u00e0 caract\u00e8re personnel que vous nous fournissez peuvent \u00eatre stock\u00e9es, trait\u00e9es et transf\u00e9r\u00e9es entre tout pays ou lieu dans lequel nous op\u00e9rons afin de nous permettre d\u2019utiliser ces donn\u00e9es conform\u00e9ment \u00e0 la pr\u00e9sente politique de confidentialit\u00e9.<\/li>\n<\/ol>\n\n\n\n<h2 class=\"wp-block-heading\">Acc\u00e8s aux donn\u00e9es \u00e0 caract\u00e8re personnel<\/h2>\n\n\n\n<ol class=\"wp-block-list\">\n<li>Nous vous garantissons un droit d\u2019acc\u00e8s \u00e0 vos donn\u00e9es personnelles \u00e0 tout moment, afin que vous puissiez les modifier ou corriger d\u2019\u00e9ventuelles erreurs.<\/li>\n\n\n\n<li>Vous avez \u00e9galement le droit de demander que nous mettions \u00e0 jour vos donn\u00e9es \u00e0 caract\u00e8re personnel ou que nous les supprimions compl\u00e8tement. Une telle demande doit \u00eatre envoy\u00e9e \u00e0 l\u2019adresse \u00e9lectronique suivante :\u00a0<a href=\"mailto:biuro@powerjobs.pl\">biuro@powerjobs.pl<\/a>\u00a0. Nous vous assurons que nous prendrons imm\u00e9diatement les mesures appropri\u00e9es pour donner suite \u00e0 votre demande, \u00e0 condition que nous le fassions conform\u00e9ment aux dispositions des lois applicables.<\/li>\n\n\n\n<li>Vous pouvez \u00e9galement nous contacter \u00e0 tout moment pour savoir si et comment nous utilisons ou avons l\u2019intention d\u2019utiliser vos donn\u00e9es personnelles.<\/li>\n\n\n\n<li>Veuillez nous faire savoir si vous devez modifier ou mettre \u00e0 jour vos donn\u00e9es \u00e0 caract\u00e8re personnel.<\/li>\n<\/ol>\n\n\n\n<h2 class=\"wp-block-heading\">S\u00e9curit\u00e9 des donn\u00e9es \u00e0 caract\u00e8re personnel<\/h2>\n\n\n\n<ol class=\"wp-block-list\">\n<li>Nous utilisons des proc\u00e9dures et des mesures techniques appropri\u00e9es pour prot\u00e9ger vos donn\u00e9es personnelles contre la perte, l\u2019acc\u00e8s non autoris\u00e9 par des tiers, l\u2019utilisation abusive, l\u2019alt\u00e9ration ou la destruction. Toutefois, malgr\u00e9 le soin extr\u00eame que nous apportons, il n\u2019est pas possible de prot\u00e9ger totalement les donn\u00e9es personnelles contre tous les risques encourus. Nous stockons vos donn\u00e9es personnelles sur des serveurs prot\u00e9g\u00e9s de mani\u00e8re appropri\u00e9e.<\/li>\n\n\n\n<li>Nous ne traiterons les donn\u00e9es \u00e0 caract\u00e8re personnel que vous nous fournissez que pendant le temps n\u00e9cessaire aux fins \u00e9nonc\u00e9es dans la pr\u00e9sente politique de confidentialit\u00e9 ou jusqu\u2019\u00e0 ce que vous nous demandiez de les supprimer.<\/li>\n<\/ol>\n\n\n\n<h2 class=\"wp-block-heading\">INFORMATIONS SUR LES COOKIES<\/h2>\n\n\n\n<h3 class=\"wp-block-heading\">Informations g\u00e9n\u00e9rales<\/h3>\n\n\n\n<ol class=\"wp-block-list\">\n<li>Nous utilisons des cookies.<\/li>\n\n\n\n<li>Les cookies constituent des donn\u00e9es informatiques, notamment des fichiers texte, stock\u00e9es sur l\u2019appareil de l\u2019utilisateur et destin\u00e9es \u00e0 l\u2019utilisation de sites web. Ces fichiers permettent aux sites web de reconna\u00eetre l\u2019appareil de l\u2019utilisateur et d\u2019afficher de mani\u00e8re appropri\u00e9e un site web adapt\u00e9 \u00e0 ses pr\u00e9f\u00e9rences individuelles. Les cookies contiennent g\u00e9n\u00e9ralement le nom du site web d\u2019o\u00f9 ils proviennent, des informations sur la dur\u00e9e de leur stockage sur l\u2019appareil de l\u2019utilisateur et un num\u00e9ro unique.<\/li>\n\n\n\n<li>Le site web utilise des cookies pour adapter son contenu \u00e0 vos pr\u00e9f\u00e9rences et optimiser sa convivialit\u00e9. Ces fichiers sont \u00e9galement utilis\u00e9s pour produire des statistiques anonymes et agr\u00e9g\u00e9es afin d\u2019analyser l\u2019utilisation des sites web, contribuant ainsi \u00e0 l\u2019am\u00e9lioration de leur structure et de leur contenu, \u00e0 l\u2019exclusion de l\u2019identification personnelle de l\u2019utilisateur.<\/li>\n\n\n\n<li>Nous utilisons deux types de cookies :\n<ul class=\"wp-block-list\">\n<li>les cookies de session, qui sont des fichiers temporaires stock\u00e9s sur l\u2019appareil de l\u2019utilisateur jusqu\u2019\u00e0 ce que celui-ci quitte le site web, se d\u00e9connecte ou \u00e9teigne son navigateur web ;<\/li>\n\n\n\n<li>les cookies persistants, qui sont des fichiers permanents stock\u00e9s sur l\u2019appareil de l\u2019utilisateur pendant la dur\u00e9e sp\u00e9cifi\u00e9e dans les param\u00e8tres des cookies ou jusqu\u2019\u00e0 ce qu\u2019ils soient manuellement supprim\u00e9s par l\u2019utilisateur.<\/li>\n<\/ul>\n<\/li>\n\n\n\n<li>Les donn\u00e9es personnelles collect\u00e9es au moyen de cookies ne peuvent \u00eatre recueillies que dans le but d\u2019ex\u00e9cuter certaines fonctions pour l\u2019utilisateur. Ces donn\u00e9es sont crypt\u00e9es afin d\u2019emp\u00eacher les utilisateurs non autoris\u00e9s d\u2019y acc\u00e9der.<\/li>\n<\/ol>\n\n\n\n<h3 class=\"wp-block-heading\">Gestion des cookies<\/h3>\n\n\n\n<ol class=\"wp-block-list\">\n<li>Un logiciel de navigation (navigateur web) permet g\u00e9n\u00e9ralement de placer des cookies sur l\u2019appareil de l\u2019utilisateur par d\u00e9faut. Les utilisateurs du service peuvent modifier les param\u00e8tres \u00e0 cet \u00e9gard, afin de bloquer l\u2019utilisation automatique des cookies dans le navigateur ou d\u2019\u00eatre inform\u00e9s \u00e0 chaque fois qu\u2019un cookie est plac\u00e9 sur l\u2019appareil de l\u2019utilisateur. Pour plus de d\u00e9tails, consultez l\u2019aide ou la documentation de votre navigateur web. Toutefois, nous tenons \u00e0 vous informer que les restrictions relatives \u00e0 l\u2019utilisation des cookies peuvent affecter certaines des fonctionnalit\u00e9s disponibles sur notre site web et, dans certains cas, peuvent vous emp\u00eacher compl\u00e8tement d\u2019utiliser le site web.<\/li>\n\n\n\n<li>Les cookies sont plac\u00e9s sur l\u2019appareil de l\u2019utilisateur et peuvent \u00e9galement \u00eatre utilis\u00e9s par les annonceurs et les partenaires avec lesquels nous coop\u00e9rons.<\/li>\n\n\n\n<li>Les liens publi\u00e9s sur notre site Web peuvent vous rediriger vers d\u2019autres sites Web. Nous vous encourageons \u00e0 vous familiariser avec les politiques de confidentialit\u00e9 de nos annonceurs et partenaires avec lesquels nous coop\u00e9rons, afin de conna\u00eetre les r\u00e8gles d\u2019utilisation des cookies que nous utilisons dans nos statistiques.<\/li>\n\n\n\n<li>Les cookies peuvent \u00eatre utilis\u00e9s par les r\u00e9seaux publicitaires pour afficher des publicit\u00e9s adapt\u00e9es \u00e0 la fa\u00e7on dont vous utilisez notre site web. \u00c0 cette fin, ils peuvent conserver des informations sur votre chemin de navigation ou sur la dur\u00e9e de votre s\u00e9jour sur le site.<\/li>\n\n\n\n<li>Afin de g\u00e9rer les param\u00e8tres des cookies, veuillez s\u00e9lectionner le navigateur web appropri\u00e9 et suivre les instructions \u00e0 l\u2019\u00e9cran.<\/li>\n<\/ol>\n\n\n\n<h2 class=\"wp-block-heading\">MODIFICATIONS DE LA POLITIQUE DE CONFIDENTIALIT\u00c9<\/h2>\n\n\n\n<p>Nous nous r\u00e9servons le droit d\u2019apporter des modifications \u00e0 ce document. Une nouvelle version de notre politique de confidentialit\u00e9 sera affich\u00e9e \u00e0 chaque fois sur notre site web. Nous vous encourageons \u00e0 consulter r\u00e9guli\u00e8rement notre politique de confidentialit\u00e9.<\/p>\n","protected":false},"excerpt":{"rendered":"<p>Politique de confidentialit\u00e9 Dans le cadre de l\u2019utilisation de nos services, vous nous confiez vos donn\u00e9es personnelles. Notre objectif et [&hellip;]<\/p>\n","protected":false},"author":1,"featured_media":0,"parent":0,"menu_order":0,"comment_status":"closed","ping_status":"closed","template":"page-text.php","meta":{"inline_featured_image":false,"iawp_total_views":29,"footnotes":""},"fupi_page_labels":[],"class_list":["post-12696","page","type-page","status-publish","hentry"],"acf":[],"_links":{"self":[{"href":"https:\/\/www.powerjobs.pl\/fr\/wp-json\/wp\/v2\/pages\/12696","targetHints":{"allow":["GET"]}}],"collection":[{"href":"https:\/\/www.powerjobs.pl\/fr\/wp-json\/wp\/v2\/pages"}],"about":[{"href":"https:\/\/www.powerjobs.pl\/fr\/wp-json\/wp\/v2\/types\/page"}],"author":[{"embeddable":true,"href":"https:\/\/www.powerjobs.pl\/fr\/wp-json\/wp\/v2\/users\/1"}],"replies":[{"embeddable":true,"href":"https:\/\/www.powerjobs.pl\/fr\/wp-json\/wp\/v2\/comments?post=12696"}],"version-history":[{"count":3,"href":"https:\/\/www.powerjobs.pl\/fr\/wp-json\/wp\/v2\/pages\/12696\/revisions"}],"predecessor-version":[{"id":43379,"href":"https:\/\/www.powerjobs.pl\/fr\/wp-json\/wp\/v2\/pages\/12696\/revisions\/43379"}],"wp:attachment":[{"href":"https:\/\/www.powerjobs.pl\/fr\/wp-json\/wp\/v2\/media?parent=12696"}],"wp:term":[{"taxonomy":"fupi_page_labels","embeddable":true,"href":"https:\/\/www.powerjobs.pl\/fr\/wp-json\/wp\/v2\/fupi_page_labels?post=12696"}],"curies":[{"name":"wp","href":"https:\/\/api.w.org\/{rel}","templated":true}]}}