{"id":33109,"date":"2022-07-05T14:04:33","date_gmt":"2022-07-05T12:04:33","guid":{"rendered":"https:\/\/www.powerjobs.pl\/?page_id=33109"},"modified":"2024-02-02T08:38:11","modified_gmt":"2024-02-02T07:38:11","slug":"uber-uns","status":"publish","type":"page","link":"https:\/\/www.powerjobs.pl\/de\/uber-uns\/","title":{"rendered":"\u00dcber die Firma"},"content":{"rendered":"<section class=\"banner-subpage \">\r\n    <!-- BG image -->\r\n    <div class=\"image filter-image opacity-30\">\r\n        <img decoding=\"async\" src=\"https:\/\/www.powerjobs.pl\/wp-content\/uploads\/2020\/11\/header_o_firmie.jpg\" alt=\"\">\r\n    <\/div>\r\n    <div class=\"container\">\r\n        <div class=\"content\">\r\n            <!-- Logo -->\r\n                        <!-- Title -->\r\n            <h1>Lernen Sie uns kennen<\/h1>\r\n                        <!-- Icons -->\r\n                    <\/div>\r\n    <\/div>\r\n<\/section>\n\n\r\n<section class=\"breadcrumbs\">\r\n    <div class=\"container\">\r\n        <div class=\"breadcrumbs-box\">\r\n            <nav aria-label=\"breadcrumbs\" class=\"rank-math-breadcrumb\"><p><span class=\"last\">Homepage<\/span><\/p><\/nav>        <\/div>\r\n    <\/div>\r\n<\/section>\n\n\n<div class=\"wp-block-columns is-layout-flex wp-container-core-columns-is-layout-1 wp-block-columns-is-layout-flex\">\n<div class=\"wp-block-column is-layout-flow wp-block-column-is-layout-flow\">\n<p><strong>PowerJobs ist eine zertifizierte Besch\u00e4ftigungs- und Leiharbeitsagentur, die auf dem Markt seit 2006 t\u00e4tig&nbsp;ist.<\/strong>&nbsp;Au\u00dfer Deutschland realisieren wir Projekte auch in Frankreich und Polen, wobei die Mitarbeiter je nach Bedarf in Logistik, Produktion, Baubranche, Gastronomie und Hotellerie zeitlich entsendet werden.<\/p>\n<\/div>\n<\/div>\n\n\n<div class=\"spacer\" style=\"--spaceDesktop: 70px; --spaceMobile: 30px;\" ><\/div>\n\n    <section class=\"green-box\" style=\"background-color: #89B21F\">\r\n        <div class=\"container\">\r\n            <div class=\"title\">\r\n                <h2>UNSERE MISSION<\/br><\/br><p><b>Wir \u00fcbernehmen die Verantwortung f\u00fcr Entwicklung unserer Kunden<\/br>und\u00a0reagieren ganz flexibel auf bevorstehende Ver\u00e4nderungen auf dem Arbeitsmarkt.<\/br><\/br>Mit Begeisterung gehen wir an neue Herausforderungen heran, wobei<\/br>wir uns st\u00e4ndig um Sicherheit und berufliche Qualifizierung k\u00fcmmern.<\/b><\/p><\/h2>\r\n            <\/div>\r\n        <\/div>\r\n    <\/section>\r\n\n\n<div class=\"spacer\" style=\"--spaceDesktop: 70px; --spaceMobile: 30px;\" ><\/div>\n\n<section class=\"values\">\r\n    <div class=\"container\">\r\n        <div class=\"section-title\">\r\n            <h2>UNSERE WERTE<\/h2>\r\n            <p><\/p>\r\n        <\/div>\r\n        <div class=\"content values-slider\">\r\n                    \r\n                <div class=\"box large\">\r\n                                            <div class=\"image\">\r\n                            <img decoding=\"async\" src=\"https:\/\/www.powerjobs.pl\/wp-content\/uploads\/2022\/04\/Group-1177.svg\" alt=\"\">\r\n                        <\/div>\r\n                                        <div class=\"text\">\r\n                        <h3>ERFAHRUNG<\/h3>\r\n                        <p>Wir verf\u00fcgen \u00fcber bedeutende individuelle sowie Team-Erfahrung. Tausende eingestellte Mitarbeiter, langj\u00e4hrige Zusammenarbeit mit Kunden und unsere Anwesenheit in vielen Branchen zeugen von Ergebnissen unserer Arbeit.<\/p>\r\n                        \r\n                                            <\/div>\r\n                <\/div>\r\n\r\n                    \r\n                <div class=\"box large\">\r\n                                            <div class=\"image\">\r\n                            <img decoding=\"async\" src=\"https:\/\/www.powerjobs.pl\/wp-content\/uploads\/2022\/04\/Group-1178.svg\" alt=\"\">\r\n                        <\/div>\r\n                                        <div class=\"text\">\r\n                        <h3>ENGAGEMENT<\/h3>\r\n                        <p>Wir begleiten unsere Kandidaten, Mitarbeiter und Kunden in jeder Stufe der Zusammenarbeit. Wir tun das Bestm\u00f6gliche, damit die uns beauftragten Projekte und Aufgaben Erwartungen aller Parteien entsprechen k\u00f6nnen.<\/p>\r\n                        \r\n                                            <\/div>\r\n                <\/div>\r\n\r\n                    \r\n                <div class=\"box large\">\r\n                                            <div class=\"image\">\r\n                            <img decoding=\"async\" src=\"https:\/\/www.powerjobs.pl\/wp-content\/uploads\/2022\/04\/Group-1177.svg\" alt=\"\">\r\n                        <\/div>\r\n                                        <div class=\"text\">\r\n                        <h3>PROFESSIONALISMUS<\/h3>\r\n                        <p>Wir stellen altbew\u00e4hrte L\u00f6sungen und Dienstleistungen sicher in Anlehnung an unsere Erfahrung und Kenntnisse. Wir k\u00fcmmern uns darum, dass alle unseren Ma\u00dfnahmen aber auch unserer Mitarbeiter h\u00f6chste Business-Standards erf\u00fcllen.<\/p>\r\n                        \r\n                                            <\/div>\r\n                <\/div>\r\n\r\n            \r\n        <\/div>\r\n    <\/div>\r\n<\/section>\n\n<div class=\"spacer\" style=\"--spaceDesktop: 70px; --spaceMobile: 30px;\" ><\/div>\n\n\n<h2 class=\"wp-block-heading\">\u00dcBERLASSUNGSERLAUBNIS<\/h2>\n\n\n<div class=\"spacer\" style=\"--spaceDesktop: 50px; --spaceMobile: 30px;\" ><\/div>\n\n\n<div class=\"wp-block-columns is-layout-flex wp-container-core-columns-is-layout-2 wp-block-columns-is-layout-flex\">\n<div class=\"wp-block-column is-layout-flow wp-block-column-is-layout-flow\">\n<p>Die Besch\u00e4ftigungsagentur PowerJobs ist im Landesregister der Arbeitsagentur unter der Nummer 11749 eingetragen.<\/p>\n\n\n\n<p><\/p>\n\n\n\n<p>Wir verf\u00fcgen \u00fcber g\u00fcltige Erlaubnis der Bundesagentur f\u00fcr Arbeit in D\u00fcsseldorf.<\/p>\n<\/div>\n\n\n\n<div class=\"wp-block-column is-layout-flow wp-block-column-is-layout-flow\">\n<figure class=\"wp-block-image size-full\"><img decoding=\"async\" width=\"420\" height=\"83\" src=\"https:\/\/www.powerjobs.pl\/wp-content\/uploads\/2021\/10\/Group-177.png\" alt=\"\" class=\"wp-image-28926\" srcset=\"https:\/\/www.powerjobs.pl\/wp-content\/uploads\/2021\/10\/Group-177.png 420w, https:\/\/www.powerjobs.pl\/wp-content\/uploads\/2021\/10\/Group-177-400x79.png 400w, https:\/\/www.powerjobs.pl\/wp-content\/uploads\/2021\/10\/Group-177-300x59.png 300w\" sizes=\"(max-width: 420px) 100vw, 420px\" \/><\/figure>\n<\/div>\n<\/div>\n\n\n<div class=\"spacer\" style=\"--spaceDesktop: 70px; --spaceMobile: 30px;\" ><\/div>","protected":false},"excerpt":{"rendered":"<p>PowerJobs ist eine zertifizierte Besch\u00e4ftigungs- und Leiharbeitsagentur, die auf dem Markt seit 2006 t\u00e4tig&nbsp;ist.&nbsp;Au\u00dfer Deutschland realisieren wir Projekte auch in [&hellip;]<\/p>\n","protected":false},"author":1,"featured_media":0,"parent":0,"menu_order":0,"comment_status":"closed","ping_status":"closed","template":"","meta":{"inline_featured_image":false,"iawp_total_views":285,"footnotes":""},"fupi_page_labels":[],"class_list":["post-33109","page","type-page","status-publish","hentry"],"acf":[],"_links":{"self":[{"href":"https:\/\/www.powerjobs.pl\/de\/wp-json\/wp\/v2\/pages\/33109","targetHints":{"allow":["GET"]}}],"collection":[{"href":"https:\/\/www.powerjobs.pl\/de\/wp-json\/wp\/v2\/pages"}],"about":[{"href":"https:\/\/www.powerjobs.pl\/de\/wp-json\/wp\/v2\/types\/page"}],"author":[{"embeddable":true,"href":"https:\/\/www.powerjobs.pl\/de\/wp-json\/wp\/v2\/users\/1"}],"replies":[{"embeddable":true,"href":"https:\/\/www.powerjobs.pl\/de\/wp-json\/wp\/v2\/comments?post=33109"}],"version-history":[{"count":8,"href":"https:\/\/www.powerjobs.pl\/de\/wp-json\/wp\/v2\/pages\/33109\/revisions"}],"predecessor-version":[{"id":33390,"href":"https:\/\/www.powerjobs.pl\/de\/wp-json\/wp\/v2\/pages\/33109\/revisions\/33390"}],"wp:attachment":[{"href":"https:\/\/www.powerjobs.pl\/de\/wp-json\/wp\/v2\/media?parent=33109"}],"wp:term":[{"taxonomy":"fupi_page_labels","embeddable":true,"href":"https:\/\/www.powerjobs.pl\/de\/wp-json\/wp\/v2\/fupi_page_labels?post=33109"}],"curies":[{"name":"wp","href":"https:\/\/api.w.org\/{rel}","templated":true}]}}