{"id":12697,"date":"2024-12-19T15:08:00","date_gmt":"2024-12-19T14:08:00","guid":{"rendered":"https:\/\/www.powerjobs.pl\/polityka-prywatnosci\/"},"modified":"2025-02-06T09:15:26","modified_gmt":"2025-02-06T08:15:26","slug":"datenschutz","status":"publish","type":"page","link":"https:\/\/www.powerjobs.pl\/de\/datenschutz\/","title":{"rendered":"Datenschutzrichtlinie von PowerJobs"},"content":{"rendered":"\r\n<section class=\"breadcrumbs\">\r\n    <div class=\"container\">\r\n        <div class=\"breadcrumbs-box\">\r\n            <nav aria-label=\"breadcrumbs\" class=\"rank-math-breadcrumb\"><p><span class=\"last\">Homepage<\/span><\/p><\/nav>        <\/div>\r\n    <\/div>\r\n<\/section>\n\n\n<h1 class=\"wp-block-heading\">Datenschutzrichtlinie von PowerJobs<\/h1>\n\n\n\n<p><strong>Im Zusammenhang mit der Nutzung unserer Dienste vertrauen Sie uns Ihre personenbezogenen Daten an. Unser Ziel und unsere Verpflichtung besteht darin, die Sicherheit und ordnungsgem\u00e4\u00dfe Verwendung der uns zur Verf\u00fcgung gestellten personenbezogenen Daten zu gew\u00e4hrleisten. Diese Datenschutzrichtlinie regelt die Regeln f\u00fcr die Verarbeitung und den Schutz Ihrer pers\u00f6nlichen Daten im Zusammenhang mit Ihrer Nutzung unserer Website www.powerjobs.pl\/de (im Folgenden \u201cWebsite\u201d genannt). Wir versichern Ihnen, dass sich unser Unternehmen streng an die Datensicherheitsrichtlinien h\u00e4lt.<\/strong><\/p>\n\n\n\n<h2 class=\"wp-block-heading\">ALLGEMEINE INFORMATIONEN<\/h2>\n\n\n\n<ol class=\"wp-block-list\">\n<li>Der Betreiber der Website powerjobs.pl\/de ist PowerJobs Sp. z\u00a0o.o.<\/li>\n\n\n\n<li>In Verbindung mit Ihrer Nutzung unserer Website erfassen wir Ihre personenbezogenen Daten auf folgende Weise:\n<ul class=\"wp-block-list\">\n<li>durch Ihre freiwillige Eingabe von Informationen in die Formulare, die auf unserer Website zur Verf\u00fcgung stehen;<\/li>\n\n\n\n<li>durch Speicherung von Informationen in Textdateien, die auf dem Ger\u00e4t des Nutzers gespeichert sind (Cookies).<\/li>\n<\/ul>\n<\/li>\n\n\n\n<li>Wenn Sie unsere Website nutzen, sollten Sie:\n<ul class=\"wp-block-list\">\n<li>unsere Datenschutzerkl\u00e4rung akzeptieren,<\/li>\n\n\n\n<li>freiwillig zustimmen, dass Ihre pers\u00f6nlichen Daten von PowerJobs Sp. z\u00a0o.o. verarbeitet werden in \u00dcbereinstimmung mit dem unten beschriebenen Zweck.<\/li>\n<\/ul>\n<\/li>\n\n\n\n<li>Der Administrator der von Ihnen \u00fcbermittelten pers\u00f6nlichen Daten ist PowerJobs Sp. z\u00a0o.o., Chorzowska Stra\u00dfe 6, Katowice, 40-101 Polen, eingetragen im Handelsregister des Landesgerichtsregisters (KRS) beim Katowice-Wsch\u00f3d (Katowice Ost) Bezirksgericht in Katowice, 8. Handelsabteilung des Landesgerichtsregisters, unter KRS-Nummer 0000254883.<\/li>\n<\/ol>\n\n\n\n<h2 class=\"wp-block-heading\">PERS\u00d6NLICHE DATEN DER BENUTZER<\/h2>\n\n\n\n<h3 class=\"wp-block-heading\">Umfang und Zweck unserer Nutzung personenbezogener Daten.<\/h3>\n\n\n\n<ol class=\"wp-block-list\">\n<li>Soweit durch die erbrachten Dienstleistungen gerechtfertigt, erheben, verarbeiten und speichern wir folgende personenbezogene Daten und Informationen:\n<ul class=\"wp-block-list\">\n<li>Name und Nachname;<\/li>\n\n\n\n<li>E-Mail-Adresse und Telefonnummer;<\/li>\n\n\n\n<li>Informationen \u00fcber Ihren Computer, Ihre Nutzung der Website und die Anzahl und Dauer Ihres Besuchs sowie die Verbindungsparameter (einschlie\u00dflich IP-Adresse, geografischer Standort, Browsertyp und -version, Betriebssystem, Bezugsquelle, Dauer Ihrer Besuche), Anzahl der Website-Ansichten und Navigationspfad auf der Website);<\/li>\n\n\n\n<li>Informationen, die uns im Zusammenhang mit der Nutzung der Website oder w\u00e4hrend Ihrer Nutzung dieser Dienste zur Verf\u00fcgung gestellt wurden;<\/li>\n\n\n\n<li>Informationen, die in Mitteilungen enthalten sind, die direkt oder \u00fcber die Website an uns gesendet werden;<\/li>\n\n\n\n<li>Alle anderen Informationen oder pers\u00f6nlichen Daten, die Sie uns freiwillig zur Verf\u00fcgung stellen.<\/li>\n<\/ul>\n<\/li>\n\n\n\n<li>Wir verarbeiten alle uns zur Verf\u00fcgung gestellten personenbezogenen Daten in \u00dcbereinstimmung mit den geltenden Gesetzen.<\/li>\n\n\n\n<li>Wir verarbeiten die personenbezogenen Daten, die Sie uns zur Verf\u00fcgung stellen, nur f\u00fcr den von Ihnen vereinbarten Zweck und Umfang.<\/li>\n\n\n\n<li>Wir erfassen nur personenbezogene Daten, die Sie uns freiwillig zur Verf\u00fcgung stellen. In einigen F\u00e4llen m\u00fcssen Sie m\u00f6glicherweise Ihre personenbezogenen Daten freiwillig angeben. Ihre Nicht-Annahme der Verarbeitung Ihrer pers\u00f6nlichen Daten kann zu einer eingeschr\u00e4nkten Nutzung unserer Dienste f\u00fchren.<\/li>\n\n\n\n<li>Wir verwenden die personenbezogenen Daten, die Sie uns zur Verf\u00fcgung stellen, zu folgenden Zwecken:\n<ul class=\"wp-block-list\">\n<li>Beantwortung der Fragen, die Sie uns gestellt haben, unter Verwendung der auf der Website bereitgestellten Formulare oder E-Mails;<\/li>\n\n\n\n<li>Personalisierung unserer Website;<\/li>\n\n\n\n<li>Versand von Nachrichten, Angeboten oder kommerzieller Kommunikation;<\/li>\n\n\n\n<li>Versand von Benachrichtigungen per E-Mail;<\/li>\n\n\n\n<li>Versand von Marketingmaterial und Informationen in elektronischer Form, von denen wir denken, dass sie f\u00fcr Sie von Interesse sein k\u00f6nnten;<\/li>\n\n\n\n<li>Sicherheit unserer Website zu gew\u00e4hrleisten und Betrug vorzubeugen;<\/li>\n\n\n\n<li>Verwaltung unserer Website.<\/li>\n<\/ul>\n<\/li>\n<\/ol>\n\n\n\n<h3 class=\"wp-block-heading\">Weitergabe von pers\u00f6nlichen Daten<\/h3>\n\n\n\n<ol class=\"wp-block-list\">\n<li>Die uns zur Verf\u00fcgung gestellten personenbezogenen Daten werden nur mit Ihrer ausdr\u00fccklichen Zustimmung an Dritte weitergegeben. Sie werden \u00fcber die Notwendigkeit informiert, diese Daten von Fall zu Fall Dritten zug\u00e4nglich zu machen. Sie haben das Recht, Ihre Zustimmung zur Weitergabe Ihrer pers\u00f6nlichen Daten an diese Parteien nicht zu erteilen.<\/li>\n\n\n\n<li>Wir k\u00f6nnen Ihre pers\u00f6nlichen Daten mit unseren Mitarbeitern, Mitarbeitern, Subunternehmern, Lieferanten und Versicherern teilen, jedoch nur in dem Umfang, in dem wir die in dieser Datenschutzerkl\u00e4rung dargelegten Zwecke erf\u00fcllen. Diese Personen sind verpflichtet, diese Daten vertraulich zu behandeln.<\/li>\n\n\n\n<li>Die pers\u00f6nlichen Daten, die Sie uns zur Verf\u00fcgung stellen, d\u00fcrfen von uns nur innerhalb des gesetzlich zul\u00e4ssigen Bereichs an Dritte weitergegeben werden.<\/li>\n\n\n\n<li>Wir k\u00f6nnen Ihre personenbezogenen Daten insbesondere in folgenden F\u00e4llen an Dritte weitergeben:\n<ul class=\"wp-block-list\">\n<li>wenn Sie Ihr Einverst\u00e4ndnis zu einem solchen Teilen geben;<\/li>\n\n\n\n<li>wenn es sich aus den Bestimmungen der geltenden Gesetze ergibt;<\/li>\n\n\n\n<li>wenn wir dazu aufgrund einer Entscheidung eines Gerichts oder einer anderen zust\u00e4ndigen Beh\u00f6rde im Zusammenhang mit laufenden Verfahren der zust\u00e4ndigen Beh\u00f6rden verpflichtet sind;<\/li>\n\n\n\n<li>wenn es notwendig ist, dass wir unsere Rechte verteidigen (einschlie\u00dflich der Bereitstellung von Informationen f\u00fcr andere, um Missbrauch zu verhindern und das Kreditrisiko zu mindern).<\/li>\n<\/ul>\n<\/li>\n\n\n\n<li>Die pers\u00f6nlichen Daten, die Sie uns zur Verf\u00fcgung stellen, k\u00f6nnen zwischen jedem Land oder Standort, in dem wir t\u00e4tig sind, gespeichert, verarbeitet und \u00fcbertragen werden, damit wir diese Daten in \u00dcbereinstimmung mit dieser Datenschutzrichtlinie verwenden k\u00f6nnen.<\/li>\n<\/ol>\n\n\n\n<h3 class=\"wp-block-heading\">Zugang zu pers\u00f6nlichen Daten<\/h3>\n\n\n\n<ol class=\"wp-block-list\">\n<li>Wir stellen sicher, dass Sie jederzeit das Recht haben, auf Ihre pers\u00f6nlichen Daten zuzugreifen, damit Sie diese \u00e4ndern oder Fehler korrigieren k\u00f6nnen.<\/li>\n\n\n\n<li>Sie haben auch das Recht zu verlangen, dass wir Ihre personenbezogenen Daten aktualisieren oder vollst\u00e4ndig l\u00f6schen. Eine solche Anfrage sollte an die folgende E-Mail-Adresse gesendet werden: zgody@powerjobs.pl.<\/li>\n\n\n\n<li>Wir versichern Ihnen, dass unverz\u00fcglich geeignete Ma\u00dfnahmen ergreifen werden, um Ihrer Anfrage nachzukommen. Vorausgesetzt, dass wir dies in \u00dcbereinstimmung mit den geltenden Gesetzen tun.<\/li>\n\n\n\n<li>Sie k\u00f6nnen sich auch jederzeit an uns wenden, um Informationen dar\u00fcber zu erhalten, ob und wie wir Ihre personenbezogenen Daten verwenden oder zu verwenden beabsichtigen.<\/li>\n\n\n\n<li>Bitte lassen Sie uns wissen, wenn Sie Ihre pers\u00f6nlichen Daten \u00e4ndern oder aktualisieren m\u00fcssen.<\/li>\n<\/ol>\n\n\n\n<h3 class=\"wp-block-heading\">Sicherheit von pers\u00f6nlichen Daten<\/h3>\n\n\n\n<ol class=\"wp-block-list\">\n<li>Wir setzen angemessene Verfahren und technische Ma\u00dfnahmen ein, um Ihre personenbezogenen Daten vor Verlust, unberechtigtem Zugriff durch Dritte, Missbrauch, Ver\u00e4nderung oder Zerst\u00f6rung zu sch\u00fctzen. Trotz aller Sorgfalt k\u00f6nnen die personenbezogenen Daten nicht vollst\u00e4ndig gegen alle Risiken gesch\u00fctzt werden. Wir speichern Ihre personenbezogenen Daten auf entsprechend gesch\u00fctzten Servern.<\/li>\n\n\n\n<li>Wir verarbeiten die personenbezogenen Daten, die Sie uns zur Verf\u00fcgung stellen, nur so lange, wie es f\u00fcr die Zwecke dieser Datenschutzrichtlinie erforderlich ist, oder bis Sie die L\u00f6schung dieser Daten verlangen.<\/li>\n<\/ol>\n\n\n\n<h2 class=\"wp-block-heading\">INFORMATIONEN \u00dcBER COOKIES<\/h2>\n\n\n\n<h3 class=\"wp-block-heading\">Allgemeine Information<\/h3>\n\n\n\n<ol class=\"wp-block-list\">\n<li>Wir verwenden Cookies.<\/li>\n\n\n\n<li>Cookies sind Computerdaten, insbesondere Textdateien, die auf dem Endger\u00e4t des Nutzers gespeichert sind und zum Zweck der Nutzung von Webseiten bestimmt sind. Diese Dateien erm\u00f6glichen es Websites, das Ger\u00e4t des Benutzers zu erkennen und entsprechend eine Website anzuzeigen, die an ihre individuellen Pr\u00e4ferenzen angepasst ist. Cookies enthalten in der Regel den Namen der Website, von der sie stammen, Informationen dar\u00fcber, wie lange sie auf dem Ger\u00e4t des Benutzers gespeichert sind und eine eindeutige Nummer.<\/li>\n\n\n\n<li>Die Website verwendet Cookies, um den Inhalt an Ihre Pr\u00e4ferenzen anzupassen und die Benutzerfreundlichkeit zu optimieren. Diese Dateien werden auch verwendet, um anonyme, aggregierte Statistiken zu erstellen, um zu analysieren, wie Websites verwendet werden, und somit zur Verbesserung ihrer Struktur und ihres Inhalts beizutragen, wobei die pers\u00f6nliche Identifizierung des Benutzers ausgeschlossen wird.<\/li>\n\n\n\n<li>Wir verwenden zwei Arten von Cookies:\n<ul class=\"wp-block-list\">\n<li>session cookies, das sind tempor\u00e4re Dateien, die auf dem Ger\u00e4t des Benutzers gespeichert werden, bis der Benutzer die Website verl\u00e4sst, den Webbrowser abmeldet oder ausschaltet;<\/li>\n\n\n\n<li>persistent cookies, die permanente Dateien sind, die auf dem Ger\u00e4t des Benutzers f\u00fcr die in den Parametern von Cookies angegebene Zeit gespeichert sind oder bis sie vom Benutzer manuell gel\u00f6scht werden.<\/li>\n<\/ul>\n<\/li>\n\n\n\n<li>Personenbezogene Daten, die mittels Cookies gesammelt werden, d\u00fcrfen nur zu dem Zweck gesammelt werden, bestimmte Funktionen f\u00fcr den Benutzer auszuf\u00fchren. Diese Daten m\u00fcssen verschl\u00fcsselt werden, um den Zugriff unautorisierter Benutzer zu verhindern.<\/li>\n<\/ol>\n\n\n\n<h3 class=\"wp-block-heading\">Verwaltung von Cookies<\/h3>\n\n\n\n<ol class=\"wp-block-list\">\n<li>Web-Browser-Software (Webbrowser) erm\u00f6glicht standardm\u00e4\u00dfig das Setzen von Cookies auf das Ger\u00e4t des Benutzers. Service-Nutzer k\u00f6nnen die Einstellungen in dieser Hinsicht \u00e4ndern, um die automatische Verwendung von Cookies im Browser zu blockieren oder jedes Mal informiert zu werden, wenn ein Cookie auf dem Ger\u00e4t des Nutzers platziert wird. Einzelheiten finden Sie in der Hilfe oder Dokumentation Ihres Webbrowsers. Wir m\u00f6chten Sie jedoch dar\u00fcber informieren, dass Einschr\u00e4nkungen der Verwendung von Cookies einige der auf unserer Website verf\u00fcgbaren Funktionen beeintr\u00e4chtigen k\u00f6nnen und in einigen F\u00e4llen die Nutzung der Website vollst\u00e4ndig verhindern k\u00f6nnen.<\/li>\n\n\n\n<li>Cookies werden auf dem Ger\u00e4t des Nutzers platziert und k\u00f6nnen auch von Werbetreibenden und Partnern, mit denen wir zusammenarbeiten, genutzt werden.<\/li>\n\n\n\n<li>Links auf unserer Website k\u00f6nnen Sie auf andere Websites verweisen. Wir empfehlen Ihnen, sich mit den Datenschutzrichtlinien unserer Werbetreibenden und Partner, mit denen wir zusammenarbeiten, vertraut zu machen, um mehr \u00fcber die Regeln f\u00fcr die Verwendung von Cookies in unseren Statistiken zu erfahren.<\/li>\n\n\n\n<li>Cookies k\u00f6nnen von Werbenetzwerken verwendet werden, um Werbung anzuzeigen, die auf die Art und Weise abgestimmt ist, wie Sie unsere Website nutzen. Zu diesem Zweck k\u00f6nnen sie Informationen \u00fcber Ihren Navigationspfad oder die Zeit, die Sie auf der Website bleiben, speichern.<\/li>\n\n\n\n<li>Um die Einstellungen von Cookies zu verwalten, w\u00e4hlen Sie bitte den entsprechenden Webbrowser und folgen Sie den Anweisungen auf dem Bildschirm.<\/li>\n<\/ol>\n\n\n\n<h2 class=\"wp-block-heading\">\u00c4NDERUNGEN DER DATENSCHUTZRICHTLINIE<\/h2>\n\n\n\n<p>Wir behalten uns das Recht vor, \u00c4nderungen an diesem Dokument vorzunehmen. Eine neue Version unserer Datenschutzerkl\u00e4rung wird jedes Mal auf unserer Website ver\u00f6ffentlicht. Wir empfehlen Ihnen, unsere Datenschutzerkl\u00e4rung regelm\u00e4\u00dfig zu \u00fcberpr\u00fcfen.<\/p>\n","protected":false},"excerpt":{"rendered":"<p>Datenschutzrichtlinie von PowerJobs Im Zusammenhang mit der Nutzung unserer Dienste vertrauen Sie uns Ihre personenbezogenen Daten an. Unser Ziel und [&hellip;]<\/p>\n","protected":false},"author":1,"featured_media":0,"parent":0,"menu_order":0,"comment_status":"closed","ping_status":"closed","template":"page-text.php","meta":{"inline_featured_image":false,"iawp_total_views":24,"footnotes":""},"fupi_page_labels":[],"class_list":["post-12697","page","type-page","status-publish","hentry"],"acf":[],"_links":{"self":[{"href":"https:\/\/www.powerjobs.pl\/de\/wp-json\/wp\/v2\/pages\/12697","targetHints":{"allow":["GET"]}}],"collection":[{"href":"https:\/\/www.powerjobs.pl\/de\/wp-json\/wp\/v2\/pages"}],"about":[{"href":"https:\/\/www.powerjobs.pl\/de\/wp-json\/wp\/v2\/types\/page"}],"author":[{"embeddable":true,"href":"https:\/\/www.powerjobs.pl\/de\/wp-json\/wp\/v2\/users\/1"}],"replies":[{"embeddable":true,"href":"https:\/\/www.powerjobs.pl\/de\/wp-json\/wp\/v2\/comments?post=12697"}],"version-history":[{"count":3,"href":"https:\/\/www.powerjobs.pl\/de\/wp-json\/wp\/v2\/pages\/12697\/revisions"}],"predecessor-version":[{"id":43382,"href":"https:\/\/www.powerjobs.pl\/de\/wp-json\/wp\/v2\/pages\/12697\/revisions\/43382"}],"wp:attachment":[{"href":"https:\/\/www.powerjobs.pl\/de\/wp-json\/wp\/v2\/media?parent=12697"}],"wp:term":[{"taxonomy":"fupi_page_labels","embeddable":true,"href":"https:\/\/www.powerjobs.pl\/de\/wp-json\/wp\/v2\/fupi_page_labels?post=12697"}],"curies":[{"name":"wp","href":"https:\/\/api.w.org\/{rel}","templated":true}]}}